{"id":8449,"date":"2024-03-02T08:39:50","date_gmt":"2024-03-02T08:39:50","guid":{"rendered":"https:\/\/jekaart.com\/toode\/bountiful-blessings\/"},"modified":"2024-03-02T08:39:50","modified_gmt":"2024-03-02T08:39:50","slug":"bountiful-blessings","status":"publish","type":"product","link":"https:\/\/jekaart.com\/en\/product\/bountiful-blessings\/","title":{"rendered":"Bountiful Blessings"},"content":{"rendered":"<ul>\n<li>Measurements: 30cm x 30cm (12\u2033 x 12\u2033)<\/li>\n<li>Support: canvas mounted on frame<\/li>\n<li>Finish: high quality varnish to protect and ensure the longevity of the artpiece<\/li>\n<li>It\u2019s a unique painting<\/li>\n<li>The piece is signed in the back<\/li>\n<li>It comes with a certificate of authenticity<\/li>\n<\/ul>\n","protected":false},"excerpt":{"rendered":"<p class=\"cvGsUA direction-ltr align-justify para-style-body\"><span class=\"OYPEnA text-decoration-none text-strikethrough-none\">Experience the abundance of<\/span><\/p>\n<p class=\"cvGsUA direction-ltr align-justify para-style-body\">\n<p class=\"cvGsUA direction-ltr align-justify para-style-body\"><span class=\"OYPEnA text-decoration-none text-strikethrough-none\">\u201cBountiful Blessings\u201d and cultivate gratitude in your heart. This mandala celebrates the gifts life has bestowed upon you, inviting you to cherish the richness of the present moment.<\/span><\/p>\n<p class=\"cvGsUA direction-ltr align-justify para-style-body\">\n<p class=\"cvGsUA direction-ltr align-justify para-style-body\"><span class=\"OYPEnA text-decoration-none text-strikethrough-none\">\u00c4ra karda muuta oma elu ja tunnusta<\/span><\/p>\n<p class=\"cvGsUA direction-ltr align-justify para-style-body\">\n<p class=\"cvGsUA direction-ltr align-justify para-style-body\"><span class=\"OYPEnA text-decoration-none text-strikethrough-none\">omaenda v\u00e4\u00e4rtust ning elu hakkab vastavalt peegelduma sinu sissetulekutes.<\/span><\/p>\n","protected":false},"featured_media":7134,"template":"","meta":{"_acf_changed":false,"_eb_attr":"","_uag_custom_page_level_css":"","site-sidebar-layout":"default","site-content-layout":"","ast-site-content-layout":"default","site-content-style":"default","site-sidebar-style":"default","ast-global-header-display":"","ast-banner-title-visibility":"","ast-main-header-display":"","ast-hfb-above-header-display":"","ast-hfb-below-header-display":"","ast-hfb-mobile-header-display":"","site-post-title":"","ast-breadcrumbs-content":"","ast-featured-img":"","footer-sml-layout":"","ast-disable-related-posts":"","theme-transparent-header-meta":"default","adv-header-id-meta":"","stick-header-meta":"default","header-above-stick-meta":"","header-main-stick-meta":"","header-below-stick-meta":"","astra-migrate-meta-layouts":"default","ast-page-background-enabled":"default","ast-page-background-meta":{"desktop":{"background-color":"","background-image":"","background-repeat":"repeat","background-position":"center center","background-size":"auto","background-attachment":"scroll","background-type":"","background-media":"","overlay-type":"","overlay-color":"","overlay-opacity":"","overlay-gradient":""},"tablet":{"background-color":"","background-image":"","background-repeat":"repeat","background-position":"center center","background-size":"auto","background-attachment":"scroll","background-type":"","background-media":"","overlay-type":"","overlay-color":"","overlay-opacity":"","overlay-gradient":""},"mobile":{"background-color":"","background-image":"","background-repeat":"repeat","background-position":"center center","background-size":"auto","background-attachment":"scroll","background-type":"","background-media":"","overlay-type":"","overlay-color":"","overlay-opacity":"","overlay-gradient":""}},"ast-content-background-meta":{"desktop":{"background-color":"var(--ast-global-color-5)","background-image":"","background-repeat":"repeat","background-position":"center center","background-size":"auto","background-attachment":"scroll","background-type":"","background-media":"","overlay-type":"","overlay-color":"","overlay-opacity":"","overlay-gradient":""},"tablet":{"background-color":"var(--ast-global-color-5)","background-image":"","background-repeat":"repeat","background-position":"center center","background-size":"auto","background-attachment":"scroll","background-type":"","background-media":"","overlay-type":"","overlay-color":"","overlay-opacity":"","overlay-gradient":""},"mobile":{"background-color":"var(--ast-global-color-5)","background-image":"","background-repeat":"repeat","background-position":"center center","background-size":"auto","background-attachment":"scroll","background-type":"","background-media":"","overlay-type":"","overlay-color":"","overlay-opacity":"","overlay-gradient":""}}},"product_brand":[],"product_cat":[233],"product_tag":[245],"class_list":{"0":"post-8449","1":"product","2":"type-product","3":"status-publish","4":"has-post-thumbnail","6":"product_cat-mandala-art","7":"product_tag-mandala-art","8":"product_shipping_class-shipping-s","9":"desktop-align-left","10":"tablet-align-left","11":"mobile-align-left","12":"ast-product-gallery-layout-horizontal-slider","13":"ast-product-tabs-layout-horizontal","15":"first","16":"outofstock","17":"shipping-taxable","18":"purchasable","19":"product-type-simple"},"acf":[],"uagb_featured_image_src":{"full":["https:\/\/jekaart.com\/wp-content\/uploads\/2024\/03\/20230801_142308-1-scaled-1.jpg",2560,2153,false],"thumbnail":["https:\/\/jekaart.com\/wp-content\/uploads\/2024\/03\/20230801_142308-1-scaled-1-150x150.jpg",150,150,true],"medium":["https:\/\/jekaart.com\/wp-content\/uploads\/2024\/03\/20230801_142308-1-scaled-1-300x252.jpg",300,252,true],"medium_large":["https:\/\/jekaart.com\/wp-content\/uploads\/2024\/03\/20230801_142308-1-scaled-1-768x646.jpg",768,646,true],"large":["https:\/\/jekaart.com\/wp-content\/uploads\/2024\/03\/20230801_142308-1-scaled-1-1024x861.jpg",1024,861,true],"1536x1536":["https:\/\/jekaart.com\/wp-content\/uploads\/2024\/03\/20230801_142308-1-scaled-1-1536x1292.jpg",1536,1292,true],"2048x2048":["https:\/\/jekaart.com\/wp-content\/uploads\/2024\/03\/20230801_142308-1-scaled-1-2048x1722.jpg",2048,1722,true],"qi_addons_for_elementor_image_size_square":["https:\/\/jekaart.com\/wp-content\/uploads\/2024\/03\/20230801_142308-1-scaled-1-650x650.jpg",650,650,true],"qi_addons_for_elementor_image_size_landscape":["https:\/\/jekaart.com\/wp-content\/uploads\/2024\/03\/20230801_142308-1-scaled-1-1300x650.jpg",1300,650,true],"qi_addons_for_elementor_image_size_portrait":["https:\/\/jekaart.com\/wp-content\/uploads\/2024\/03\/20230801_142308-1-scaled-1-650x1300.jpg",650,1300,true],"qi_addons_for_elementor_image_size_huge-square":["https:\/\/jekaart.com\/wp-content\/uploads\/2024\/03\/20230801_142308-1-scaled-1-1300x1300.jpg",1300,1300,true],"woocommerce_thumbnail":["https:\/\/jekaart.com\/wp-content\/uploads\/2024\/03\/20230801_142308-1-scaled-1-700x700.jpg",700,700,true],"woocommerce_single":["https:\/\/jekaart.com\/wp-content\/uploads\/2024\/03\/20230801_142308-1-scaled-1-600x505.jpg",600,505,true],"woocommerce_gallery_thumbnail":["https:\/\/jekaart.com\/wp-content\/uploads\/2024\/03\/20230801_142308-1-scaled-1-100x100.jpg",100,100,true]},"uagb_author_info":{"display_name":"JekaArt EU","author_link":"https:\/\/jekaart.com\/en\/author\/"},"uagb_comment_info":0,"uagb_excerpt":"Experience the abundance of \u201cBountiful Blessings\u201d and cultivate gratitude in your heart. This mandala celebrates the gifts life has bestowed upon you, inviting you to cherish the richness of the present moment. \u00c4ra karda muuta oma elu ja tunnusta omaenda v\u00e4\u00e4rtust ning elu hakkab vastavalt peegelduma sinu sissetulekutes.","_links":{"self":[{"href":"https:\/\/jekaart.com\/en\/wp-json\/wp\/v2\/product\/8449","targetHints":{"allow":["GET"]}}],"collection":[{"href":"https:\/\/jekaart.com\/en\/wp-json\/wp\/v2\/product"}],"about":[{"href":"https:\/\/jekaart.com\/en\/wp-json\/wp\/v2\/types\/product"}],"version-history":[{"count":0,"href":"https:\/\/jekaart.com\/en\/wp-json\/wp\/v2\/product\/8449\/revisions"}],"wp:featuredmedia":[{"embeddable":true,"href":"https:\/\/jekaart.com\/en\/wp-json\/wp\/v2\/media\/7134"}],"wp:attachment":[{"href":"https:\/\/jekaart.com\/en\/wp-json\/wp\/v2\/media?parent=8449"}],"wp:term":[{"taxonomy":"product_brand","embeddable":true,"href":"https:\/\/jekaart.com\/en\/wp-json\/wp\/v2\/product_brand?post=8449"},{"taxonomy":"product_cat","embeddable":true,"href":"https:\/\/jekaart.com\/en\/wp-json\/wp\/v2\/product_cat?post=8449"},{"taxonomy":"product_tag","embeddable":true,"href":"https:\/\/jekaart.com\/en\/wp-json\/wp\/v2\/product_tag?post=8449"}],"curies":[{"name":"wp","href":"https:\/\/api.w.org\/{rel}","templated":true}]}}